{"id":1178,"date":"2023-05-02T14:33:59","date_gmt":"2023-05-02T12:33:59","guid":{"rendered":"https:\/\/www.skerda.sk\/search-results-2\/"},"modified":"2024-02-06T14:08:40","modified_gmt":"2024-02-06T13:08:40","slug":"vysledky-vyhladavania","status":"publish","type":"page","link":"https:\/\/www.skerda.sk\/de\/vysledky-vyhladavania\/","title":{"rendered":"Suchergebnisse"},"content":{"rendered":"<div class=\"vc_row wpb_row vc_row-fluid sigma-bg-color-transparent sigma-background-position-left-top sigma-title-color-default\"><div class=\"wpb_column vc_column_container vc_col-sm-12 sigma-bg-color-transparent sigma-background-position-left-top sigma-title-color-default\"><div class=\"vc_column-inner\"><div class=\"wpb_wrapper\">\r\n\t\t<div  class=\"sigma_custom_heading_wrapper sigma-custom-heading-1261705166 sigma-shortcode-wrapper custom-heading-style-1 text-center  vc_custom_1702026823846\">\r\r\n\t\t\t\r\r\n<div class=\"section-title sigma-custom-heading-wrapper\">\r\r\r\n\t\t\r\r\n\t\t<div class=\"sigma-heading-title-wrapper\">\r\r\r\n\t\t\t<h4 class=\"heading-title\">\r\r\r\n\t\t\t\tFolgende Wohnungen sind im angegebenen Zeitraum verf\u00fcgbar\r\r\n\t\t\t<\/h4>\r\r\r\n\t\t<\/div>\r\r\r\n\t\t\r\r\n<\/div>\r\n\r\n\t\t<\/div>\r\r\n\t\t\n\t<div class=\"wpb_text_column wpb_content_element\" >\n\t\t<div class=\"wpb_wrapper\">\n\t\t\t<div class=\"mphb_sc_search_results-wrapper\"><div class=\"mphb-errors-wrapper\">\r\n\t<\/div>\r\n\r\n<\/div>\n\n\t\t<\/div>\n\t<\/div>\n<\/div><\/div><\/div><\/div>","protected":false},"excerpt":{"rendered":"Folgende Wohnungen sind im angegebenen Zeitraum verf\u00fcgbar","protected":false},"author":1,"featured_media":1787,"parent":0,"menu_order":0,"comment_status":"closed","ping_status":"closed","template":"","meta":{"footnotes":""},"class_list":["post-1178","page","type-page","status-publish","has-post-thumbnail","hentry"],"yoast_head":"<!-- This site is optimized with the Yoast SEO plugin v21.9 - https:\/\/yoast.com\/wordpress\/plugins\/seo\/ -->\n<title>Chata penzi\u00f3n \u0160kerda<\/title>\n<meta name=\"robots\" content=\"index, follow, max-snippet:-1, max-image-preview:large, max-video-preview:-1\" \/>\n<link rel=\"canonical\" href=\"https:\/\/www.skerda.sk\/de\/vysledky-vyhladavania\/\" \/>\n<meta property=\"og:locale\" content=\"de_DE\" \/>\n<meta property=\"og:type\" content=\"article\" \/>\n<meta property=\"og:title\" content=\"Chata penzi\u00f3n \u0160kerda\" \/>\n<meta property=\"og:url\" content=\"https:\/\/www.skerda.sk\/de\/vysledky-vyhladavania\/\" \/>\n<meta property=\"og:site_name\" content=\"Chata penzi\u00f3n \u0160kerda\" \/>\n<meta property=\"article:modified_time\" content=\"2024-02-06T13:08:40+00:00\" \/>\n<meta property=\"og:image\" content=\"https:\/\/www.skerda.sk\/wp-content\/uploads\/2023\/05\/kontakt-min-scaled.jpg\" \/>\n\t<meta property=\"og:image:width\" content=\"2560\" \/>\n\t<meta property=\"og:image:height\" content=\"604\" \/>\n\t<meta property=\"og:image:type\" content=\"image\/jpeg\" \/>\n<meta name=\"twitter:card\" content=\"summary_large_image\" \/>\n<meta name=\"twitter:label1\" content=\"Gesch\u00e4tzte Lesezeit\" \/>\n\t<meta name=\"twitter:data1\" content=\"1\u00a0Minute\" \/>\n<script type=\"application\/ld+json\" class=\"yoast-schema-graph\">{\"@context\":\"https:\/\/schema.org\",\"@graph\":[{\"@type\":\"WebPage\",\"@id\":\"https:\/\/www.skerda.sk\/vysledky-vyhladavania\/\",\"url\":\"https:\/\/www.skerda.sk\/vysledky-vyhladavania\/\",\"name\":\"Chata penzi\u00f3n \u0160kerda\",\"isPartOf\":{\"@id\":\"https:\/\/www.skerda.sk\/#website\"},\"datePublished\":\"2023-05-02T12:33:59+00:00\",\"dateModified\":\"2024-02-06T13:08:40+00:00\",\"breadcrumb\":{\"@id\":\"https:\/\/www.skerda.sk\/vysledky-vyhladavania\/#breadcrumb\"},\"inLanguage\":\"de\",\"potentialAction\":[{\"@type\":\"ReadAction\",\"target\":[\"https:\/\/www.skerda.sk\/vysledky-vyhladavania\/\"]}]},{\"@type\":\"BreadcrumbList\",\"@id\":\"https:\/\/www.skerda.sk\/vysledky-vyhladavania\/#breadcrumb\",\"itemListElement\":[{\"@type\":\"ListItem\",\"position\":1,\"name\":\"Home\",\"item\":\"https:\/\/www.skerda.sk\/\"},{\"@type\":\"ListItem\",\"position\":2,\"name\":\"V\u00fdsledky vyh\u013ead\u00e1vania\"}]},{\"@type\":\"WebSite\",\"@id\":\"https:\/\/www.skerda.sk\/#website\",\"url\":\"https:\/\/www.skerda.sk\/\",\"name\":\"Chata penzi\u00f3n \u0160kerda\",\"description\":\"\",\"publisher\":{\"@id\":\"https:\/\/www.skerda.sk\/#organization\"},\"potentialAction\":[{\"@type\":\"SearchAction\",\"target\":{\"@type\":\"EntryPoint\",\"urlTemplate\":\"https:\/\/www.skerda.sk\/?s={search_term_string}\"},\"query-input\":\"required name=search_term_string\"}],\"inLanguage\":\"de\"},{\"@type\":\"Organization\",\"@id\":\"https:\/\/www.skerda.sk\/#organization\",\"name\":\"Chata penzi\u00f3n \u0160kerda\",\"url\":\"https:\/\/www.skerda.sk\/\",\"logo\":{\"@type\":\"ImageObject\",\"inLanguage\":\"de\",\"@id\":\"https:\/\/www.skerda.sk\/#\/schema\/logo\/image\/\",\"url\":\"https:\/\/www.skerda.sk\/wp-content\/uploads\/2023\/05\/Skerda-Logo-Biele.svg\",\"contentUrl\":\"https:\/\/www.skerda.sk\/wp-content\/uploads\/2023\/05\/Skerda-Logo-Biele.svg\",\"caption\":\"Chata penzi\u00f3n \u0160kerda\"},\"image\":{\"@id\":\"https:\/\/www.skerda.sk\/#\/schema\/logo\/image\/\"}}]}<\/script>\n<!-- \/ Yoast SEO plugin. -->","yoast_head_json":{"title":"Chata penzi\u00f3n \u0160kerda","robots":{"index":"index","follow":"follow","max-snippet":"max-snippet:-1","max-image-preview":"max-image-preview:large","max-video-preview":"max-video-preview:-1"},"canonical":"https:\/\/www.skerda.sk\/de\/vysledky-vyhladavania\/","og_locale":"de_DE","og_type":"article","og_title":"Chata penzi\u00f3n \u0160kerda","og_url":"https:\/\/www.skerda.sk\/de\/vysledky-vyhladavania\/","og_site_name":"Chata penzi\u00f3n \u0160kerda","article_modified_time":"2024-02-06T13:08:40+00:00","og_image":[{"width":2560,"height":604,"url":"https:\/\/www.skerda.sk\/wp-content\/uploads\/2023\/05\/kontakt-min-scaled.jpg","type":"image\/jpeg"}],"twitter_card":"summary_large_image","twitter_misc":{"Gesch\u00e4tzte Lesezeit":"1\u00a0Minute"},"schema":{"@context":"https:\/\/schema.org","@graph":[{"@type":"WebPage","@id":"https:\/\/www.skerda.sk\/vysledky-vyhladavania\/","url":"https:\/\/www.skerda.sk\/vysledky-vyhladavania\/","name":"Chata penzi\u00f3n \u0160kerda","isPartOf":{"@id":"https:\/\/www.skerda.sk\/#website"},"datePublished":"2023-05-02T12:33:59+00:00","dateModified":"2024-02-06T13:08:40+00:00","breadcrumb":{"@id":"https:\/\/www.skerda.sk\/vysledky-vyhladavania\/#breadcrumb"},"inLanguage":"de","potentialAction":[{"@type":"ReadAction","target":["https:\/\/www.skerda.sk\/vysledky-vyhladavania\/"]}]},{"@type":"BreadcrumbList","@id":"https:\/\/www.skerda.sk\/vysledky-vyhladavania\/#breadcrumb","itemListElement":[{"@type":"ListItem","position":1,"name":"Home","item":"https:\/\/www.skerda.sk\/"},{"@type":"ListItem","position":2,"name":"V\u00fdsledky vyh\u013ead\u00e1vania"}]},{"@type":"WebSite","@id":"https:\/\/www.skerda.sk\/#website","url":"https:\/\/www.skerda.sk\/","name":"Chata penzi\u00f3n \u0160kerda","description":"","publisher":{"@id":"https:\/\/www.skerda.sk\/#organization"},"potentialAction":[{"@type":"SearchAction","target":{"@type":"EntryPoint","urlTemplate":"https:\/\/www.skerda.sk\/?s={search_term_string}"},"query-input":"required name=search_term_string"}],"inLanguage":"de"},{"@type":"Organization","@id":"https:\/\/www.skerda.sk\/#organization","name":"Chata penzi\u00f3n \u0160kerda","url":"https:\/\/www.skerda.sk\/","logo":{"@type":"ImageObject","inLanguage":"de","@id":"https:\/\/www.skerda.sk\/#\/schema\/logo\/image\/","url":"https:\/\/www.skerda.sk\/wp-content\/uploads\/2023\/05\/Skerda-Logo-Biele.svg","contentUrl":"https:\/\/www.skerda.sk\/wp-content\/uploads\/2023\/05\/Skerda-Logo-Biele.svg","caption":"Chata penzi\u00f3n \u0160kerda"},"image":{"@id":"https:\/\/www.skerda.sk\/#\/schema\/logo\/image\/"}}]}},"_links":{"self":[{"href":"https:\/\/www.skerda.sk\/de\/wp-json\/wp\/v2\/pages\/1178","targetHints":{"allow":["GET"]}}],"collection":[{"href":"https:\/\/www.skerda.sk\/de\/wp-json\/wp\/v2\/pages"}],"about":[{"href":"https:\/\/www.skerda.sk\/de\/wp-json\/wp\/v2\/types\/page"}],"author":[{"embeddable":true,"href":"https:\/\/www.skerda.sk\/de\/wp-json\/wp\/v2\/users\/1"}],"replies":[{"embeddable":true,"href":"https:\/\/www.skerda.sk\/de\/wp-json\/wp\/v2\/comments?post=1178"}],"version-history":[{"count":7,"href":"https:\/\/www.skerda.sk\/de\/wp-json\/wp\/v2\/pages\/1178\/revisions"}],"predecessor-version":[{"id":5738,"href":"https:\/\/www.skerda.sk\/de\/wp-json\/wp\/v2\/pages\/1178\/revisions\/5738"}],"wp:featuredmedia":[{"embeddable":true,"href":"https:\/\/www.skerda.sk\/de\/wp-json\/wp\/v2\/media\/1787"}],"wp:attachment":[{"href":"https:\/\/www.skerda.sk\/de\/wp-json\/wp\/v2\/media?parent=1178"}],"curies":[{"name":"wp","href":"https:\/\/api.w.org\/{rel}","templated":true}]}}